{"id":58,"date":"2024-06-08T17:34:20","date_gmt":"2024-06-08T15:34:20","guid":{"rendered":"https:\/\/rw-editions.be\/?post_type=product&#038;p=58"},"modified":"2025-12-22T08:37:40","modified_gmt":"2025-12-22T07:37:40","slug":"livre-test","status":"publish","type":"product","link":"https:\/\/rw-editions.be\/index.php\/produit\/livre-test\/","title":{"rendered":"Noel les Origines"},"content":{"rendered":"<p><img loading=\"lazy\" decoding=\"async\" class=\"alignnone wp-image-1439\" src=\"https:\/\/rw-editions.be\/wp-content\/uploads\/2024\/06\/Capture-decran-2024-10-31-193726-300x212.png\" alt=\"\" width=\"400\" height=\"282\" srcset=\"https:\/\/rw-editions.be\/wp-content\/uploads\/2024\/06\/Capture-decran-2024-10-31-193726-300x212.png 300w, https:\/\/rw-editions.be\/wp-content\/uploads\/2024\/06\/Capture-decran-2024-10-31-193726-1024x723.png 1024w, https:\/\/rw-editions.be\/wp-content\/uploads\/2024\/06\/Capture-decran-2024-10-31-193726-768x542.png 768w, https:\/\/rw-editions.be\/wp-content\/uploads\/2024\/06\/Capture-decran-2024-10-31-193726-1536x1084.png 1536w, https:\/\/rw-editions.be\/wp-content\/uploads\/2024\/06\/Capture-decran-2024-10-31-193726-1320x932.png 1320w, https:\/\/rw-editions.be\/wp-content\/uploads\/2024\/06\/Capture-decran-2024-10-31-193726.png 1852w\" sizes=\"auto, (max-width: 400px) 100vw, 400px\" \/><img loading=\"lazy\" decoding=\"async\" class=\"alignnone wp-image-1440\" src=\"https:\/\/rw-editions.be\/wp-content\/uploads\/2024\/06\/Capture-decran-2024-10-31-193737-300x212.png\" alt=\"\" width=\"400\" height=\"282\" srcset=\"https:\/\/rw-editions.be\/wp-content\/uploads\/2024\/06\/Capture-decran-2024-10-31-193737-300x212.png 300w, https:\/\/rw-editions.be\/wp-content\/uploads\/2024\/06\/Capture-decran-2024-10-31-193737-1024x723.png 1024w, https:\/\/rw-editions.be\/wp-content\/uploads\/2024\/06\/Capture-decran-2024-10-31-193737-768x542.png 768w, https:\/\/rw-editions.be\/wp-content\/uploads\/2024\/06\/Capture-decran-2024-10-31-193737-1536x1084.png 1536w, https:\/\/rw-editions.be\/wp-content\/uploads\/2024\/06\/Capture-decran-2024-10-31-193737-1320x932.png 1320w, https:\/\/rw-editions.be\/wp-content\/uploads\/2024\/06\/Capture-decran-2024-10-31-193737.png 1857w\" sizes=\"auto, (max-width: 400px) 100vw, 400px\" \/><img loading=\"lazy\" decoding=\"async\" class=\"alignnone wp-image-1442\" src=\"https:\/\/rw-editions.be\/wp-content\/uploads\/2024\/06\/Capture-decran-2024-11-01-105705-300x211.png\" alt=\"\" width=\"400\" height=\"281\" srcset=\"https:\/\/rw-editions.be\/wp-content\/uploads\/2024\/06\/Capture-decran-2024-11-01-105705-300x211.png 300w, https:\/\/rw-editions.be\/wp-content\/uploads\/2024\/06\/Capture-decran-2024-11-01-105705-1024x720.png 1024w, https:\/\/rw-editions.be\/wp-content\/uploads\/2024\/06\/Capture-decran-2024-11-01-105705-768x540.png 768w, https:\/\/rw-editions.be\/wp-content\/uploads\/2024\/06\/Capture-decran-2024-11-01-105705-1536x1080.png 1536w, https:\/\/rw-editions.be\/wp-content\/uploads\/2024\/06\/Capture-decran-2024-11-01-105705-2048x1439.png 2048w, https:\/\/rw-editions.be\/wp-content\/uploads\/2024\/06\/Capture-decran-2024-11-01-105705-1320x928.png 1320w\" sizes=\"auto, (max-width: 400px) 100vw, 400px\" \/><img loading=\"lazy\" decoding=\"async\" class=\"alignnone wp-image-1443\" src=\"https:\/\/rw-editions.be\/wp-content\/uploads\/2024\/06\/Capture-decran-2024-11-01-105728-300x211.png\" alt=\"\" width=\"400\" height=\"282\" srcset=\"https:\/\/rw-editions.be\/wp-content\/uploads\/2024\/06\/Capture-decran-2024-11-01-105728-300x211.png 300w, https:\/\/rw-editions.be\/wp-content\/uploads\/2024\/06\/Capture-decran-2024-11-01-105728-1024x721.png 1024w, https:\/\/rw-editions.be\/wp-content\/uploads\/2024\/06\/Capture-decran-2024-11-01-105728-768x541.png 768w, https:\/\/rw-editions.be\/wp-content\/uploads\/2024\/06\/Capture-decran-2024-11-01-105728-1536x1081.png 1536w, https:\/\/rw-editions.be\/wp-content\/uploads\/2024\/06\/Capture-decran-2024-11-01-105728-2048x1442.png 2048w, https:\/\/rw-editions.be\/wp-content\/uploads\/2024\/06\/Capture-decran-2024-11-01-105728-1320x929.png 1320w\" sizes=\"auto, (max-width: 400px) 100vw, 400px\" \/><img loading=\"lazy\" decoding=\"async\" class=\"alignnone wp-image-1444\" src=\"https:\/\/rw-editions.be\/wp-content\/uploads\/2024\/06\/Capture-decran-2024-11-01-105814-300x212.png\" alt=\"\" width=\"400\" height=\"282\" srcset=\"https:\/\/rw-editions.be\/wp-content\/uploads\/2024\/06\/Capture-decran-2024-11-01-105814-300x212.png 300w, https:\/\/rw-editions.be\/wp-content\/uploads\/2024\/06\/Capture-decran-2024-11-01-105814-1024x722.png 1024w, https:\/\/rw-editions.be\/wp-content\/uploads\/2024\/06\/Capture-decran-2024-11-01-105814-768x542.png 768w, https:\/\/rw-editions.be\/wp-content\/uploads\/2024\/06\/Capture-decran-2024-11-01-105814-1536x1083.png 1536w, https:\/\/rw-editions.be\/wp-content\/uploads\/2024\/06\/Capture-decran-2024-11-01-105814-2048x1445.png 2048w, https:\/\/rw-editions.be\/wp-content\/uploads\/2024\/06\/Capture-decran-2024-11-01-105814-1320x931.png 1320w\" sizes=\"auto, (max-width: 400px) 100vw, 400px\" \/><\/p>\r\n<p style=\"text-align: left;\"><strong>Un album d&rsquo;exception pour les familles<\/strong><\/p>\r\n<!-- \/wp:post-content -->\r\n\r\n<!-- wp:paragraph {\"align\":\"justify\"} -->\r\n<p class=\"has-text-align-justify\" style=\"text-align: left;\">Ce livre de 244 pages au format A4, richement illustr\u00e9, est imprim\u00e9 sur un papier de 150g pour les amateurs de qualit\u00e9. Chaque page est une explosion de couleurs, et les pages de garde vous r\u00e9servent une petite surprise. La couverture rigide, cartonn\u00e9e, offre un toucher doux et mat (soft touch), procurant une sensation agr\u00e9able et un aspect vintage.<\/p>\r\n<!-- \/wp:paragraph -->\r\n\r\n<!-- wp:paragraph -->\r\n<p style=\"text-align: left;\">Il comblera vos soir\u00e9es pendant la p\u00e9riode de l&rsquo;Avent, jusqu&rsquo;au r\u00e9veillon de No\u00ebl, et plus encore.<\/p>\r\n<!-- \/wp:paragraph -->\r\n\r\n<!-- wp:paragraph {\"align\":\"justify\"} -->\r\n<p class=\"has-text-align-justify\" style=\"text-align: left;\">Dans ce livre de contes, vous d\u00e9couvrirez l&rsquo;histoire de L\u2019Ev\u00eaque de Myre suivie de celle de Saint-Nicolas, la rencontre avec son \u00e2ne, le recrutement du P\u00e8re Fouettard, le premier Krampus le d\u00e9mon, la rencontre entre Marie et Joseph, l&rsquo;origine du bonhomme en Pain d\u2019\u00e9pices, l&rsquo;histoire fabuleuse du Bonhomme de Neige, La maison du P\u00e8re Noel, le premier sapin de No\u00ebl, l&rsquo;origine des Boules de No\u00ebl en verre, Le 1er cadeau de No\u00ebl, comment devient on Le P\u00e8re No\u00ebl, la nuit de La M\u00e8re No\u00ebl, l&rsquo;arriv\u00e9e des Lutins du P\u00e8re No\u00ebl, l&rsquo;origine des Lutins Farceurs,<br \/>celle du Casse-noisette, le premier traineau, Rudolph\u00a0 le renne au nez rouge,\u00a0 l&rsquo;histoire compl\u00e8te de l\u2019enfant au tambour, celle de la chaussette de No\u00ebl, l&rsquo;apparition du Cougnou, l&rsquo;origine de la Carte de V\u0153ux, celle de La B\u00fbche de Noel, celle de la dinde de No\u00ebl, la rencontre des Rois Mages, l&rsquo;origine de La branche de Gui, l&rsquo;histoire de l&rsquo;utilisation de la Galette des Rois et pour terminer, l&rsquo;histoire d&rsquo;Artaban le 4\u00e8me Roi mage.<\/p>\r\n<p class=\"has-text-align-justify\" style=\"text-align: left;\">Cr\u00e9\u00e9 en 2024, ce livre refl\u00e8te mon \u00e2me d&rsquo;enfant, \u00e9merveill\u00e9 par la beaut\u00e9 des d\u00e9corations de No\u00ebl et sensible aux belles histoires racont\u00e9es par mes parents lorsque j&rsquo;\u00e9tais un enfant. Je suis heureux et ravi de partager avec vous ce premier recueil d&rsquo;histoires, v\u00e9ritable fen\u00eatre sur la magie et sur l&rsquo;esprit de No\u00ebl. Je vous raconte, dans une petite trentaine d&rsquo;histoires, 29 exactement, comment les personnages que nous connaissons sont devenus des ic\u00f4nes de No\u00ebl et comment les symboles de no\u00ebl sont entr\u00e9s dans nos traditions.<\/p>\r\n<!-- \/wp:paragraph -->\r\n\r\n<!-- wp:paragraph {\"align\":\"justify\"} -->\r\n<p class=\"has-text-align-justify\" style=\"text-align: left;\">De l&rsquo;\u00e2ne de Saint-Nicolas aux lutins du P\u00e8re No\u00ebl, de P\u00e8re Fouettard \u00e0 la traditionnelle galette des Rois, et de Krampus \u00e0 l&rsquo;\u00c9piphanie, je vous invite \u00e0 d\u00e9couvrir leurs histoires fascinantes, ainsi que leur place unique dans nos traditions enchanteresses.<\/p>","protected":false},"excerpt":{"rendered":"<h1><strong>39,-\u20ac<\/strong><\/h1>\n<p>Un magnifique livre de contes de No\u00ebl in\u00e9dits. Couverture rigide cartonn\u00e9e, 244 Pages A4 (21 x 29,7 cm), 220 illustrations en couleurs 29 histoires pour <strong>comprendre<\/strong> et <strong>expliquer<\/strong> aux enfants comment tout cela s&rsquo;est mis en place. A avoir absolument dans votre biblioth\u00e8que.<\/p>\n<p>Livraison en Belgique, en France, au Grand Duch\u00e9 du Luxembourg par MONDIAL RELAY (point relai uniquement) et en Suisse par BPOST. En cas d\u2019h\u00e9sitation, n\u2019h\u00e9sitez pas \u00e0 envoyer un mail \u00e0 noellesorigines@gmail.com<\/p>\n<p><strong><!-- \/wp:woocommerce\/checkout-contact-information-block --><\/p>\n<p><!-- wp:woocommerce\/checkout-shipping-method-block --><\/strong><\/p>\n","protected":false},"featured_media":2210,"comment_status":"open","ping_status":"closed","template":"","meta":[],"product_brand":[],"product_cat":[16],"product_tag":[],"class_list":{"0":"post-58","1":"product","2":"type-product","3":"status-publish","4":"has-post-thumbnail","6":"product_cat-non-classe","8":"first","9":"onbackorder","10":"taxable","11":"shipping-taxable","12":"purchasable","13":"product-type-simple"},"jetpack_sharing_enabled":true,"_links":{"self":[{"href":"https:\/\/rw-editions.be\/index.php\/wp-json\/wp\/v2\/product\/58","targetHints":{"allow":["GET"]}}],"collection":[{"href":"https:\/\/rw-editions.be\/index.php\/wp-json\/wp\/v2\/product"}],"about":[{"href":"https:\/\/rw-editions.be\/index.php\/wp-json\/wp\/v2\/types\/product"}],"replies":[{"embeddable":true,"href":"https:\/\/rw-editions.be\/index.php\/wp-json\/wp\/v2\/comments?post=58"}],"wp:featuredmedia":[{"embeddable":true,"href":"https:\/\/rw-editions.be\/index.php\/wp-json\/wp\/v2\/media\/2210"}],"wp:attachment":[{"href":"https:\/\/rw-editions.be\/index.php\/wp-json\/wp\/v2\/media?parent=58"}],"wp:term":[{"taxonomy":"product_brand","embeddable":true,"href":"https:\/\/rw-editions.be\/index.php\/wp-json\/wp\/v2\/product_brand?post=58"},{"taxonomy":"product_cat","embeddable":true,"href":"https:\/\/rw-editions.be\/index.php\/wp-json\/wp\/v2\/product_cat?post=58"},{"taxonomy":"product_tag","embeddable":true,"href":"https:\/\/rw-editions.be\/index.php\/wp-json\/wp\/v2\/product_tag?post=58"}],"curies":[{"name":"wp","href":"https:\/\/api.w.org\/{rel}","templated":true}]}}