{"id":429,"date":"2024-07-26T10:32:42","date_gmt":"2024-07-26T08:32:42","guid":{"rendered":"https:\/\/rw-editions.be\/?post_type=product&#038;p=429"},"modified":"2026-04-10T16:39:42","modified_gmt":"2026-04-10T14:39:42","slug":"carnet-souvenirs-du-lutin-farceur","status":"publish","type":"product","link":"https:\/\/rw-editions.be\/index.php\/produit\/carnet-souvenirs-du-lutin-farceur\/","title":{"rendered":"Carnet du lutin farceur"},"content":{"rendered":"<p>Le Carnet Souvenir du lutin farceur, c&rsquo;est quoi ?<\/p>\n<p>Pendant la p\u00e9riode de l&rsquo;Avent (du 1er au 24 d\u00e9cembre) une poign\u00e9e des lutins du P\u00e8re No\u00ebl, les lutins farceurs, viennent rendre visite aux familles qui en ont \u00e9mis le souhait en envoyant une demande d&rsquo;adoption au secr\u00e9tariat du rep\u00e8re de Santa.<\/p>\n<p>Chaque nuits de sa pr\u00e9sence chez vous, il fera des b\u00eatises pour mettre un peu d&rsquo;humour dans nos vies d\u00e9j\u00e0 bien charg\u00e9es. Ce carnet vous permettra d&rsquo;immortaliser chacun de ses m\u00e9faits et de garder une merveilleuse trace de son passage.<\/p>\n<p><img loading=\"lazy\" decoding=\"async\" class=\"alignnone size-medium wp-image-430\" src=\"https:\/\/rw-editions.be\/wp-content\/uploads\/2024\/07\/Capture-decran-2024-07-25-151926-214x300.png\" alt=\"\" width=\"214\" height=\"300\" srcset=\"https:\/\/rw-editions.be\/wp-content\/uploads\/2024\/07\/Capture-decran-2024-07-25-151926-214x300.png 214w, https:\/\/rw-editions.be\/wp-content\/uploads\/2024\/07\/Capture-decran-2024-07-25-151926-732x1024.png 732w, https:\/\/rw-editions.be\/wp-content\/uploads\/2024\/07\/Capture-decran-2024-07-25-151926-768x1075.png 768w, https:\/\/rw-editions.be\/wp-content\/uploads\/2024\/07\/Capture-decran-2024-07-25-151926-1098x1536.png 1098w, https:\/\/rw-editions.be\/wp-content\/uploads\/2024\/07\/Capture-decran-2024-07-25-151926-1320x1847.png 1320w, https:\/\/rw-editions.be\/wp-content\/uploads\/2024\/07\/Capture-decran-2024-07-25-151926-300x420.png 300w, https:\/\/rw-editions.be\/wp-content\/uploads\/2024\/07\/Capture-decran-2024-07-25-151926.png 1325w\" sizes=\"auto, (max-width: 214px) 100vw, 214px\" \/> <img loading=\"lazy\" decoding=\"async\" class=\"alignnone size-medium wp-image-435\" src=\"https:\/\/rw-editions.be\/wp-content\/uploads\/2024\/07\/Capture-decran-2024-07-26-104912-214x300.png\" alt=\"\" width=\"214\" height=\"300\" srcset=\"https:\/\/rw-editions.be\/wp-content\/uploads\/2024\/07\/Capture-decran-2024-07-26-104912-214x300.png 214w, https:\/\/rw-editions.be\/wp-content\/uploads\/2024\/07\/Capture-decran-2024-07-26-104912-730x1024.png 730w, https:\/\/rw-editions.be\/wp-content\/uploads\/2024\/07\/Capture-decran-2024-07-26-104912-768x1078.png 768w, https:\/\/rw-editions.be\/wp-content\/uploads\/2024\/07\/Capture-decran-2024-07-26-104912-300x421.png 300w, https:\/\/rw-editions.be\/wp-content\/uploads\/2024\/07\/Capture-decran-2024-07-26-104912.png 1085w\" sizes=\"auto, (max-width: 214px) 100vw, 214px\" \/>\u00a0<img loading=\"lazy\" decoding=\"async\" class=\"alignnone wp-image-432 size-medium\" src=\"https:\/\/rw-editions.be\/wp-content\/uploads\/2024\/07\/Capture-decran-2024-07-26-104935-214x300.png\" alt=\"\" width=\"214\" height=\"300\" srcset=\"https:\/\/rw-editions.be\/wp-content\/uploads\/2024\/07\/Capture-decran-2024-07-26-104935-214x300.png 214w, https:\/\/rw-editions.be\/wp-content\/uploads\/2024\/07\/Capture-decran-2024-07-26-104935-731x1024.png 731w, https:\/\/rw-editions.be\/wp-content\/uploads\/2024\/07\/Capture-decran-2024-07-26-104935-768x1076.png 768w, https:\/\/rw-editions.be\/wp-content\/uploads\/2024\/07\/Capture-decran-2024-07-26-104935-300x420.png 300w, https:\/\/rw-editions.be\/wp-content\/uploads\/2024\/07\/Capture-decran-2024-07-26-104935.png 1081w\" sizes=\"auto, (max-width: 214px) 100vw, 214px\" \/> <img loading=\"lazy\" decoding=\"async\" class=\"alignnone wp-image-760 size-medium\" src=\"https:\/\/rw-editions.be\/wp-content\/uploads\/2024\/08\/Capture-decran-2024-08-16-153503-210x300.png\" alt=\"\" width=\"210\" height=\"300\" srcset=\"https:\/\/rw-editions.be\/wp-content\/uploads\/2024\/08\/Capture-decran-2024-08-16-153503-210x300.png 210w, https:\/\/rw-editions.be\/wp-content\/uploads\/2024\/08\/Capture-decran-2024-08-16-153503-715x1024.png 715w, https:\/\/rw-editions.be\/wp-content\/uploads\/2024\/08\/Capture-decran-2024-08-16-153503-768x1100.png 768w, https:\/\/rw-editions.be\/wp-content\/uploads\/2024\/08\/Capture-decran-2024-08-16-153503-1073x1536.png 1073w, https:\/\/rw-editions.be\/wp-content\/uploads\/2024\/08\/Capture-decran-2024-08-16-153503-300x430.png 300w, https:\/\/rw-editions.be\/wp-content\/uploads\/2024\/08\/Capture-decran-2024-08-16-153503.png 1200w\" sizes=\"auto, (max-width: 210px) 100vw, 210px\" \/> <img loading=\"lazy\" decoding=\"async\" class=\"alignnone size-medium wp-image-759\" src=\"https:\/\/rw-editions.be\/wp-content\/uploads\/2024\/08\/Capture-decran-2024-08-16-153448-208x300.png\" alt=\"\" width=\"208\" height=\"300\" srcset=\"https:\/\/rw-editions.be\/wp-content\/uploads\/2024\/08\/Capture-decran-2024-08-16-153448-208x300.png 208w, https:\/\/rw-editions.be\/wp-content\/uploads\/2024\/08\/Capture-decran-2024-08-16-153448-712x1024.png 712w, https:\/\/rw-editions.be\/wp-content\/uploads\/2024\/08\/Capture-decran-2024-08-16-153448-768x1105.png 768w, https:\/\/rw-editions.be\/wp-content\/uploads\/2024\/08\/Capture-decran-2024-08-16-153448-1068x1536.png 1068w, https:\/\/rw-editions.be\/wp-content\/uploads\/2024\/08\/Capture-decran-2024-08-16-153448-300x432.png 300w, https:\/\/rw-editions.be\/wp-content\/uploads\/2024\/08\/Capture-decran-2024-08-16-153448.png 1194w\" sizes=\"auto, (max-width: 208px) 100vw, 208px\" \/><\/p>\n<p><img loading=\"lazy\" decoding=\"async\" class=\"alignnone size-medium wp-image-758\" src=\"https:\/\/rw-editions.be\/wp-content\/uploads\/2024\/08\/Capture-decran-2024-08-16-153429-208x300.png\" alt=\"\" width=\"208\" height=\"300\" srcset=\"https:\/\/rw-editions.be\/wp-content\/uploads\/2024\/08\/Capture-decran-2024-08-16-153429-208x300.png 208w, https:\/\/rw-editions.be\/wp-content\/uploads\/2024\/08\/Capture-decran-2024-08-16-153429-711x1024.png 711w, https:\/\/rw-editions.be\/wp-content\/uploads\/2024\/08\/Capture-decran-2024-08-16-153429-768x1106.png 768w, https:\/\/rw-editions.be\/wp-content\/uploads\/2024\/08\/Capture-decran-2024-08-16-153429-1067x1536.png 1067w, https:\/\/rw-editions.be\/wp-content\/uploads\/2024\/08\/Capture-decran-2024-08-16-153429-300x432.png 300w, https:\/\/rw-editions.be\/wp-content\/uploads\/2024\/08\/Capture-decran-2024-08-16-153429.png 1196w\" sizes=\"auto, (max-width: 208px) 100vw, 208px\" \/> <img loading=\"lazy\" decoding=\"async\" class=\"alignnone size-medium wp-image-757\" src=\"https:\/\/rw-editions.be\/wp-content\/uploads\/2024\/08\/Capture-decran-2024-08-16-153522-209x300.png\" alt=\"\" width=\"209\" height=\"300\" srcset=\"https:\/\/rw-editions.be\/wp-content\/uploads\/2024\/08\/Capture-decran-2024-08-16-153522-209x300.png 209w, https:\/\/rw-editions.be\/wp-content\/uploads\/2024\/08\/Capture-decran-2024-08-16-153522-713x1024.png 713w, https:\/\/rw-editions.be\/wp-content\/uploads\/2024\/08\/Capture-decran-2024-08-16-153522-768x1103.png 768w, https:\/\/rw-editions.be\/wp-content\/uploads\/2024\/08\/Capture-decran-2024-08-16-153522.png 1196w\" sizes=\"auto, (max-width: 209px) 100vw, 209px\" \/> <img loading=\"lazy\" decoding=\"async\" class=\"alignnone size-medium wp-image-756\" src=\"https:\/\/rw-editions.be\/wp-content\/uploads\/2024\/08\/Capture-decran-2024-08-16-153356-212x300.png\" alt=\"\" width=\"212\" height=\"300\" srcset=\"https:\/\/rw-editions.be\/wp-content\/uploads\/2024\/08\/Capture-decran-2024-08-16-153356-212x300.png 212w, https:\/\/rw-editions.be\/wp-content\/uploads\/2024\/08\/Capture-decran-2024-08-16-153356-723x1024.png 723w, https:\/\/rw-editions.be\/wp-content\/uploads\/2024\/08\/Capture-decran-2024-08-16-153356-768x1088.png 768w, https:\/\/rw-editions.be\/wp-content\/uploads\/2024\/08\/Capture-decran-2024-08-16-153356-300x425.png 300w, https:\/\/rw-editions.be\/wp-content\/uploads\/2024\/08\/Capture-decran-2024-08-16-153356.png 1080w\" sizes=\"auto, (max-width: 212px) 100vw, 212px\" \/><\/p>\n<p>VOIR AUSSI : Les packs &lsquo;Lutin Farceur&rsquo; dans l&rsquo;onglet boutique<\/p>\n","protected":false},"excerpt":{"rendered":"<h1><strong>12,-\u20ac\u00a0<\/strong><\/h1>\n<p>jusqu&rsquo;\u00e0 \u00e9puisement du stock<\/p>\n<p><img loading=\"lazy\" decoding=\"async\" class=\"alignnone size-medium wp-image-967\" src=\"https:\/\/rw-editions.be\/wp-content\/uploads\/2024\/09\/promo-300x247.png\" alt=\"\" width=\"300\" height=\"247\" srcset=\"https:\/\/rw-editions.be\/wp-content\/uploads\/2024\/09\/promo-300x247.png 300w, https:\/\/rw-editions.be\/wp-content\/uploads\/2024\/09\/promo.png 662w\" sizes=\"auto, (max-width: 300px) 100vw, 300px\" \/><\/p>\n<p>Un magnifique carnet de souvenirs pour les b\u00eatises du lutin farceur<br \/>\nCouverture souple, 62 Pages A4 (21 x 29,7 cm), illustrations en couleurs<\/p>\n<p>Dans ce carnet souvenirs, vous trouverez :<\/p>\n<ul>\n<li>des pages pour coller les courriers re\u00e7us<\/li>\n<li>une liste de pr\u00e9nom et un passeport \u00e0 remplir<\/li>\n<li>quelques recommandations pour son arriv\u00e9e et des patrons \u00e0 d\u00e9couper<\/li>\n<li>24 pages pour immortaliser ses b\u00eatises (du 1er au 24 d\u00e9cembre)<\/li>\n<li>quelques dessin \u00e0 colorier<\/li>\n<li>une s\u00e9rie de pages consacr\u00e9es aux cartes de v\u0153ux<\/li>\n<li>la recette des biscuits de No\u00ebl<\/li>\n<li>quelques pages consacr\u00e9es \u00e0 No\u00ebl et au r\u00e9veillon de No\u00ebl<\/li>\n<li>le gabarit de la porte magique et celui de la boite aux lettres magique<\/li>\n<li>une page pour \u00e9crire une lettre au P\u00e8re No\u00ebl<\/li>\n<li>et encore quelques autres pages que vous d\u00e9couvrirez dans le carnet &#8230;<\/li>\n<\/ul>\n<p>Livraison en Belgique, en France, au Grand Duch\u00e9 du Luxembourg par MONDIAL RELAY (point relai uniquement) et en Suisse par BPOST. En cas d\u2019h\u00e9sitation, n\u2019h\u00e9sitez pas \u00e0 envoyer un mail \u00e0 noellesorigines@gmail.com<\/p>\n","protected":false},"featured_media":2617,"comment_status":"open","ping_status":"closed","template":"","meta":[],"product_brand":[],"product_cat":[16],"product_tag":[],"class_list":{"0":"post-429","1":"product","2":"type-product","3":"status-publish","4":"has-post-thumbnail","6":"product_cat-non-classe","8":"first","9":"instock","10":"taxable","11":"shipping-taxable","12":"purchasable","13":"product-type-simple"},"jetpack_sharing_enabled":true,"_links":{"self":[{"href":"https:\/\/rw-editions.be\/index.php\/wp-json\/wp\/v2\/product\/429","targetHints":{"allow":["GET"]}}],"collection":[{"href":"https:\/\/rw-editions.be\/index.php\/wp-json\/wp\/v2\/product"}],"about":[{"href":"https:\/\/rw-editions.be\/index.php\/wp-json\/wp\/v2\/types\/product"}],"replies":[{"embeddable":true,"href":"https:\/\/rw-editions.be\/index.php\/wp-json\/wp\/v2\/comments?post=429"}],"wp:featuredmedia":[{"embeddable":true,"href":"https:\/\/rw-editions.be\/index.php\/wp-json\/wp\/v2\/media\/2617"}],"wp:attachment":[{"href":"https:\/\/rw-editions.be\/index.php\/wp-json\/wp\/v2\/media?parent=429"}],"wp:term":[{"taxonomy":"product_brand","embeddable":true,"href":"https:\/\/rw-editions.be\/index.php\/wp-json\/wp\/v2\/product_brand?post=429"},{"taxonomy":"product_cat","embeddable":true,"href":"https:\/\/rw-editions.be\/index.php\/wp-json\/wp\/v2\/product_cat?post=429"},{"taxonomy":"product_tag","embeddable":true,"href":"https:\/\/rw-editions.be\/index.php\/wp-json\/wp\/v2\/product_tag?post=429"}],"curies":[{"name":"wp","href":"https:\/\/api.w.org\/{rel}","templated":true}]}}