{"id":2120,"date":"2025-07-14T17:24:48","date_gmt":"2025-07-14T15:24:48","guid":{"rendered":"https:\/\/rw-editions.be\/?post_type=product&#038;p=2120"},"modified":"2026-04-10T16:40:26","modified_gmt":"2026-04-10T14:40:26","slug":"carnet-2025","status":"publish","type":"product","link":"https:\/\/rw-editions.be\/index.php\/produit\/carnet-2025\/","title":{"rendered":"Carnet du lutin farceur"},"content":{"rendered":"<p>Le Carnet Souvenir du lutin farceur, c&rsquo;est quoi ?<\/p>\n<p>Pendant la p\u00e9riode de l&rsquo;Avent (du 1er au 24 d\u00e9cembre) une poign\u00e9e des lutins du P\u00e8re No\u00ebl, les lutins farceurs, viennent rendre visite aux familles qui en ont \u00e9mis le souhait en envoyant une demande d&rsquo;adoption au secr\u00e9tariat du rep\u00e8re de Santa.<\/p>\n<p>Chaque nuits de sa pr\u00e9sence chez vous, il fera des b\u00eatises pour mettre un peu d&rsquo;humour dans nos vies d\u00e9j\u00e0 bien charg\u00e9es. Ce carnet vous permettra d&rsquo;immortaliser chacun de ses m\u00e9faits et de garder une merveilleuse trace de son passage.<\/p>\n<p><img loading=\"lazy\" decoding=\"async\" class=\"alignnone wp-image-2121\" src=\"https:\/\/rw-editions.be\/wp-content\/uploads\/2025\/07\/couverture-lutins-farceurs-2025-scaled.png\" alt=\"\" width=\"214\" height=\"307\" srcset=\"https:\/\/rw-editions.be\/wp-content\/uploads\/2025\/07\/couverture-lutins-farceurs-2025-scaled.png 1783w, https:\/\/rw-editions.be\/wp-content\/uploads\/2025\/07\/couverture-lutins-farceurs-2025-209x300.png 209w\" sizes=\"auto, (max-width: 214px) 100vw, 214px\" \/><\/p>\n","protected":false},"excerpt":{"rendered":"<h1><strong>20,-\u20ac\u00a0<\/strong><\/h1>\n<p>Un magnifique carnet de souvenirs pour les b\u00eatises du lutin farceur<br \/>\nCouverture souple, 100 Pages (16 x 24 cm), illustrations en couleurs<\/p>\n<p>Dans ce carnet souvenirs, vous trouverez :<\/p>\n<ul>\n<li>des pages pour coller les cartes postales re\u00e7ues<\/li>\n<li>une liste de pr\u00e9nom et un passeport \u00e0 remplir<\/li>\n<li>quelques recommandations pour son arriv\u00e9e<\/li>\n<li>24 doubles pages pour immortaliser ses b\u00eatises (du 1er au 24 d\u00e9cembre)<\/li>\n<li>quelques dessin \u00e0 colorier<\/li>\n<li>une s\u00e9rie de pages consacr\u00e9es aux cartes de v\u0153ux<\/li>\n<li>la recette des biscuits de No\u00ebl<\/li>\n<li>quelques pages consacr\u00e9es \u00e0 No\u00ebl et au r\u00e9veillon de No\u00ebl<\/li>\n<li>une page pour \u00e9crire une lettre au P\u00e8re No\u00ebl<\/li>\n<li>et encore quelques autres pages que vous d\u00e9couvrirez dans le carnet &#8230;<\/li>\n<\/ul>\n","protected":false},"featured_media":2614,"comment_status":"open","ping_status":"closed","template":"","meta":[],"product_brand":[],"product_cat":[16],"product_tag":[],"class_list":{"0":"post-2120","1":"product","2":"type-product","3":"status-publish","4":"has-post-thumbnail","6":"product_cat-non-classe","8":"first","9":"instock","10":"taxable","11":"shipping-taxable","12":"purchasable","13":"product-type-simple"},"jetpack_sharing_enabled":true,"_links":{"self":[{"href":"https:\/\/rw-editions.be\/index.php\/wp-json\/wp\/v2\/product\/2120","targetHints":{"allow":["GET"]}}],"collection":[{"href":"https:\/\/rw-editions.be\/index.php\/wp-json\/wp\/v2\/product"}],"about":[{"href":"https:\/\/rw-editions.be\/index.php\/wp-json\/wp\/v2\/types\/product"}],"replies":[{"embeddable":true,"href":"https:\/\/rw-editions.be\/index.php\/wp-json\/wp\/v2\/comments?post=2120"}],"wp:featuredmedia":[{"embeddable":true,"href":"https:\/\/rw-editions.be\/index.php\/wp-json\/wp\/v2\/media\/2614"}],"wp:attachment":[{"href":"https:\/\/rw-editions.be\/index.php\/wp-json\/wp\/v2\/media?parent=2120"}],"wp:term":[{"taxonomy":"product_brand","embeddable":true,"href":"https:\/\/rw-editions.be\/index.php\/wp-json\/wp\/v2\/product_brand?post=2120"},{"taxonomy":"product_cat","embeddable":true,"href":"https:\/\/rw-editions.be\/index.php\/wp-json\/wp\/v2\/product_cat?post=2120"},{"taxonomy":"product_tag","embeddable":true,"href":"https:\/\/rw-editions.be\/index.php\/wp-json\/wp\/v2\/product_tag?post=2120"}],"curies":[{"name":"wp","href":"https:\/\/api.w.org\/{rel}","templated":true}]}}