{"id":1750,"date":"2025-01-15T10:32:32","date_gmt":"2025-01-15T09:32:32","guid":{"rendered":"https:\/\/rw-editions.be\/?post_type=product&#038;p=1750"},"modified":"2025-11-18T14:01:13","modified_gmt":"2025-11-18T13:01:13","slug":"pournoelcetteannee","status":"publish","type":"product","link":"https:\/\/rw-editions.be\/index.php\/produit\/pournoelcetteannee\/","title":{"rendered":"Pour No\u00ebl cette ann\u00e9e"},"content":{"rendered":"<p><img loading=\"lazy\" decoding=\"async\" class=\"alignnone wp-image-1934\" src=\"https:\/\/rw-editions.be\/wp-content\/uploads\/2025\/01\/couverture-13-300x205.png\" alt=\"\" width=\"419\" height=\"286\" srcset=\"https:\/\/rw-editions.be\/wp-content\/uploads\/2025\/01\/couverture-13-300x205.png 300w, https:\/\/rw-editions.be\/wp-content\/uploads\/2025\/01\/couverture-13-1024x700.png 1024w, https:\/\/rw-editions.be\/wp-content\/uploads\/2025\/01\/couverture-13-768x525.png 768w, https:\/\/rw-editions.be\/wp-content\/uploads\/2025\/01\/couverture-13-1536x1049.png 1536w, https:\/\/rw-editions.be\/wp-content\/uploads\/2025\/01\/couverture-13-2048x1399.png 2048w, https:\/\/rw-editions.be\/wp-content\/uploads\/2025\/01\/couverture-13-1320x902.png 1320w\" sizes=\"auto, (max-width: 419px) 100vw, 419px\" \/><\/p>\n<p><img loading=\"lazy\" decoding=\"async\" class=\"alignnone wp-image-1896\" src=\"https:\/\/rw-editions.be\/wp-content\/uploads\/2025\/04\/page-titre-Pour-Noel-cette-annee-300x214.png\" alt=\"\" width=\"400\" height=\"286\" srcset=\"https:\/\/rw-editions.be\/wp-content\/uploads\/2025\/04\/page-titre-Pour-Noel-cette-annee-300x214.png 300w, https:\/\/rw-editions.be\/wp-content\/uploads\/2025\/04\/page-titre-Pour-Noel-cette-annee-1024x731.png 1024w, https:\/\/rw-editions.be\/wp-content\/uploads\/2025\/04\/page-titre-Pour-Noel-cette-annee-768x548.png 768w, https:\/\/rw-editions.be\/wp-content\/uploads\/2025\/04\/page-titre-Pour-Noel-cette-annee-1536x1096.png 1536w, https:\/\/rw-editions.be\/wp-content\/uploads\/2025\/04\/page-titre-Pour-Noel-cette-annee-1320x942.png 1320w, https:\/\/rw-editions.be\/wp-content\/uploads\/2025\/04\/page-titre-Pour-Noel-cette-annee.png 1698w\" sizes=\"auto, (max-width: 400px) 100vw, 400px\" \/><img loading=\"lazy\" decoding=\"async\" class=\"alignnone wp-image-1895\" src=\"https:\/\/rw-editions.be\/wp-content\/uploads\/2025\/04\/page-interieur-Pour-Noel-cette-annee-300x214.png\" alt=\"\" width=\"400\" height=\"285\" srcset=\"https:\/\/rw-editions.be\/wp-content\/uploads\/2025\/04\/page-interieur-Pour-Noel-cette-annee-300x214.png 300w, https:\/\/rw-editions.be\/wp-content\/uploads\/2025\/04\/page-interieur-Pour-Noel-cette-annee-1024x730.png 1024w, https:\/\/rw-editions.be\/wp-content\/uploads\/2025\/04\/page-interieur-Pour-Noel-cette-annee-768x548.png 768w, https:\/\/rw-editions.be\/wp-content\/uploads\/2025\/04\/page-interieur-Pour-Noel-cette-annee-1536x1095.png 1536w, https:\/\/rw-editions.be\/wp-content\/uploads\/2025\/04\/page-interieur-Pour-Noel-cette-annee-2048x1460.png 2048w, https:\/\/rw-editions.be\/wp-content\/uploads\/2025\/04\/page-interieur-Pour-Noel-cette-annee-1320x941.png 1320w\" sizes=\"auto, (max-width: 400px) 100vw, 400px\" \/><\/p>\n","protected":false},"excerpt":{"rendered":"<h1><strong>24,-\u20ac<\/strong><\/h1>\n<p><em>Dans un monde o\u00f9 la course \u00e0 la consommation et les pr\u00e9paratifs fr\u00e9n\u00e9tiques tendent \u00e0 occulter les v\u00e9ritables significations de cette p\u00e9riode, il m\u2019a paru essentiel de souligner que No\u00ebl n\u2019est pas un simple \u00e9v\u00e9nement. C\u2019est avant tout une invitation \u00e0 renouer avec les valeurs humaines les plus fondamentales : le partage, la g\u00e9n\u00e9rosit\u00e9, la compassion et la r\u00e9conciliation. Loin de se limiter aux festivit\u00e9s et aux \u00e9changes de cadeaux, l\u2019esprit de No\u00ebl repr\u00e9sente cette lumi\u00e8re qui brille en nous et autour de nous, nous incitant \u00e0 apporter un peu plus de chaleur et de joie dans la vie des autres, m\u00eame au quotidien. C\u2019est \u00e9galement un moment de prise de conscience collective : au-del\u00e0 de l\u2019individualisme, il s\u2019agit de se rappeler que nous faisons partie d\u2019un tout, et que nos actions ont un impact sur les autres, surtout ceux qui sont dans le besoin.\u00a0<\/em><em>Ainsi, ce livre invite \u00e0 repenser les traditions de No\u00ebl, non pas comme une simple occasion de recevoir, mais comme une opportunit\u00e9 de donner, d\u2019aimer, de comprendre, et de nourrir des liens plus profonds et plus sinc\u00e8res.<\/em><\/p>\n<p>Couverture rigide cartonn\u00e9e<br \/>\nReliure : dos carr\u00e9 coll\u00e9<br \/>\nCouverture : Couleur \u2013 Soft Touch<br \/>\nFormat : A5 portrait &#8211; 294 pages<\/p>\n<p>&nbsp;<\/p>\n","protected":false},"featured_media":2212,"comment_status":"open","ping_status":"closed","template":"","meta":[],"product_brand":[],"product_cat":[16],"product_tag":[],"class_list":{"0":"post-1750","1":"product","2":"type-product","3":"status-publish","4":"has-post-thumbnail","6":"product_cat-non-classe","8":"first","9":"instock","10":"taxable","11":"shipping-taxable","12":"purchasable","13":"product-type-simple"},"jetpack_sharing_enabled":true,"_links":{"self":[{"href":"https:\/\/rw-editions.be\/index.php\/wp-json\/wp\/v2\/product\/1750","targetHints":{"allow":["GET"]}}],"collection":[{"href":"https:\/\/rw-editions.be\/index.php\/wp-json\/wp\/v2\/product"}],"about":[{"href":"https:\/\/rw-editions.be\/index.php\/wp-json\/wp\/v2\/types\/product"}],"replies":[{"embeddable":true,"href":"https:\/\/rw-editions.be\/index.php\/wp-json\/wp\/v2\/comments?post=1750"}],"wp:featuredmedia":[{"embeddable":true,"href":"https:\/\/rw-editions.be\/index.php\/wp-json\/wp\/v2\/media\/2212"}],"wp:attachment":[{"href":"https:\/\/rw-editions.be\/index.php\/wp-json\/wp\/v2\/media?parent=1750"}],"wp:term":[{"taxonomy":"product_brand","embeddable":true,"href":"https:\/\/rw-editions.be\/index.php\/wp-json\/wp\/v2\/product_brand?post=1750"},{"taxonomy":"product_cat","embeddable":true,"href":"https:\/\/rw-editions.be\/index.php\/wp-json\/wp\/v2\/product_cat?post=1750"},{"taxonomy":"product_tag","embeddable":true,"href":"https:\/\/rw-editions.be\/index.php\/wp-json\/wp\/v2\/product_tag?post=1750"}],"curies":[{"name":"wp","href":"https:\/\/api.w.org\/{rel}","templated":true}]}}