{"id":358,"date":"2024-06-22T13:06:47","date_gmt":"2024-06-22T11:06:47","guid":{"rendered":"https:\/\/rw-editions.be\/?page_id=358"},"modified":"2026-04-22T12:28:08","modified_gmt":"2026-04-22T10:28:08","slug":"les-lutins-farceurs","status":"publish","type":"page","link":"https:\/\/rw-editions.be\/index.php\/les-lutins-farceurs\/","title":{"rendered":"LES LUTINS FARCEURS"},"content":{"rendered":"<p><img loading=\"lazy\" decoding=\"async\" class=\"alignleft wp-image-430\" src=\"https:\/\/rw-editions.be\/wp-content\/uploads\/2024\/07\/Capture-decran-2024-07-25-151926-214x300.png\" alt=\"\" width=\"309\" height=\"433\" srcset=\"https:\/\/rw-editions.be\/wp-content\/uploads\/2024\/07\/Capture-decran-2024-07-25-151926-214x300.png 214w, https:\/\/rw-editions.be\/wp-content\/uploads\/2024\/07\/Capture-decran-2024-07-25-151926-732x1024.png 732w, https:\/\/rw-editions.be\/wp-content\/uploads\/2024\/07\/Capture-decran-2024-07-25-151926-768x1075.png 768w, https:\/\/rw-editions.be\/wp-content\/uploads\/2024\/07\/Capture-decran-2024-07-25-151926-1098x1536.png 1098w, https:\/\/rw-editions.be\/wp-content\/uploads\/2024\/07\/Capture-decran-2024-07-25-151926-1320x1847.png 1320w, https:\/\/rw-editions.be\/wp-content\/uploads\/2024\/07\/Capture-decran-2024-07-25-151926-300x420.png 300w, https:\/\/rw-editions.be\/wp-content\/uploads\/2024\/07\/Capture-decran-2024-07-25-151926.png 1325w\" sizes=\"auto, (max-width: 309px) 100vw, 309px\" \/><p class=\"product woocommerce add_to_cart_inline \" style=\"margin-left: 20px; font-size: 25px;padding-right: 20px;\"><span class=\"woocommerce-Price-amount amount\"><bdi><span class=\"woocommerce-Price-currencySymbol\">&euro;<\/span>&nbsp;12,00<\/bdi><\/span><a href=\"\/index.php\/wp-json\/wp\/v2\/pages\/358?add-to-cart=429\" aria-describedby=\"woocommerce_loop_add_to_cart_link_describedby_429\" data-quantity=\"1\" class=\"button product_type_simple add_to_cart_button ajax_add_to_cart\" data-product_id=\"429\" data-product_sku=\"\" aria-label=\"Ajouter au panier\u00a0: &ldquo;Carnet du lutin farceur&rdquo;\" rel=\"nofollow\" data-success_message=\"\u00ab\u00a0Carnet du lutin farceur\u00a0\u00bb a \u00e9t\u00e9 ajout\u00e9 \u00e0 votre panier\">Ajouter au panier<\/a>\t<span id=\"woocommerce_loop_add_to_cart_link_describedby_429\" class=\"screen-reader-text\">\n\t\t\t<\/span>\n<\/p><\/p>\n<p>&nbsp;<\/p>\n<p><img loading=\"lazy\" decoding=\"async\" class=\"alignleft wp-image-2121\" src=\"https:\/\/rw-editions.be\/wp-content\/uploads\/2025\/07\/couverture-lutins-farceurs-2025-scaled.png\" alt=\"\" width=\"270\" height=\"388\" srcset=\"https:\/\/rw-editions.be\/wp-content\/uploads\/2025\/07\/couverture-lutins-farceurs-2025-scaled.png 1783w, https:\/\/rw-editions.be\/wp-content\/uploads\/2025\/07\/couverture-lutins-farceurs-2025-209x300.png 209w\" sizes=\"auto, (max-width: 270px) 100vw, 270px\" \/><p class=\"product woocommerce add_to_cart_inline \" style=\"margin-left: 20px; font-size: 25px;padding-right: 20px;\"><span class=\"woocommerce-Price-amount amount\"><bdi><span class=\"woocommerce-Price-currencySymbol\">&euro;<\/span>&nbsp;20,00<\/bdi><\/span><a href=\"\/index.php\/wp-json\/wp\/v2\/pages\/358?add-to-cart=2120\" aria-describedby=\"woocommerce_loop_add_to_cart_link_describedby_2120\" data-quantity=\"1\" class=\"button product_type_simple add_to_cart_button ajax_add_to_cart\" data-product_id=\"2120\" data-product_sku=\"\" aria-label=\"Ajouter au panier\u00a0: &ldquo;Carnet du lutin farceur&rdquo;\" rel=\"nofollow\" data-success_message=\"\u00ab\u00a0Carnet du lutin farceur\u00a0\u00bb a \u00e9t\u00e9 ajout\u00e9 \u00e0 votre panier\">Ajouter au panier<\/a>\t<span id=\"woocommerce_loop_add_to_cart_link_describedby_2120\" class=\"screen-reader-text\">\n\t\t\t<\/span>\n<\/p><\/p>\n<p><strong>Le Lutin Farceur de No\u00ebl<\/strong> est devenu une tradition charmante qui \u00e9gaye aussi bien les enfants que les parents. Ces derni\u00e8res ann\u00e9es, cette petite figure malicieuse a su se faire une place dans les foyers du monde entier.<\/p>\n<p>Vous vous interrogez\u00a0 peut-\u00eatre sur le fonctionnement de cette coutume ? Tout commence par une demande d&rsquo;adoption (disponible dans le pack &lsquo;Lutin Farceur&rsquo;) que l&rsquo;enfant doit envoyer au secr\u00e9tariat du rep\u00e8re de Santa (par la boite aux lettres magique, disponible dans le carnet souvenirs des Lutins Farceurs). Votre enfant re\u00e7oit alors une lettre directement de la part de Santa (disponible dans le pack &lsquo;Lutin Farceur&rsquo;) l&rsquo;informant qu&rsquo;il a \u00e9t\u00e9 s\u00e9lectionn\u00e9 pour accueillir un de ses lutins \u00e0 la maison. Il arrivera dans la nuit du 30 novembre au 1er d\u00e9cembre par une porte magique &#8230;<\/p>\n<p>Un magnifique carnet de souvenirs pour les b\u00eatises du lutin farceur<br \/>\nCouverture souple, 62 Pages A4 (21 x 29,7 cm), illustrations en couleurs<\/p>\n<p>&nbsp;<\/p>\n<p>&nbsp;<\/p>\n<p><img loading=\"lazy\" decoding=\"async\" class=\"aligncenter wp-image-2840 size-large\" src=\"https:\/\/rw-editions.be\/wp-content\/uploads\/2026\/04\/volutes-1-1024x61.png\" alt=\"\" width=\"1024\" height=\"61\" srcset=\"https:\/\/rw-editions.be\/wp-content\/uploads\/2026\/04\/volutes-1-1024x61.png 1024w, https:\/\/rw-editions.be\/wp-content\/uploads\/2026\/04\/volutes-1-300x18.png 300w, https:\/\/rw-editions.be\/wp-content\/uploads\/2026\/04\/volutes-1-768x46.png 768w, https:\/\/rw-editions.be\/wp-content\/uploads\/2026\/04\/volutes-1-1536x91.png 1536w, https:\/\/rw-editions.be\/wp-content\/uploads\/2026\/04\/volutes-1-2048x121.png 2048w, https:\/\/rw-editions.be\/wp-content\/uploads\/2026\/04\/volutes-1-1320x78.png 1320w\" sizes=\"auto, (max-width: 1024px) 100vw, 1024px\" \/>Dans ce carnet souvenirs, vous trouverez :<\/p>\n<ul>\n<li>des pages pour coller les courriers re\u00e7us<\/li>\n<li>une liste de pr\u00e9nom et un passeport \u00e0 remplir<\/li>\n<li>quelques recommandations pour son arriv\u00e9e et des patrons \u00e0 d\u00e9couper<\/li>\n<li>24 pages pour immortaliser ses b\u00eatises (du 1er au 24 d\u00e9cembre)<\/li>\n<li>quelques dessin \u00e0 colorier<\/li>\n<li>une s\u00e9rie de pages consacr\u00e9es aux cartes de v\u0153ux<\/li>\n<li>la recette des biscuits de No\u00ebl<\/li>\n<li>quelques pages consacr\u00e9es \u00e0 No\u00ebl et au r\u00e9veillon de No\u00ebl<\/li>\n<li>le gabarit de la porte magique et celui de la boite aux lettres magique<\/li>\n<li>une page pour \u00e9crire une lettre au P\u00e8re No\u00ebl<\/li>\n<li>et encore quelques autres pages que vous d\u00e9couvrirez dans le carnet \u2026<\/li>\n<\/ul>\n<p><img loading=\"lazy\" decoding=\"async\" class=\"wp-image-430 alignnone\" src=\"https:\/\/rw-editions.be\/wp-content\/uploads\/2024\/07\/Capture-decran-2024-07-25-151926-732x1024.png\" alt=\"\" width=\"149\" height=\"208\" srcset=\"https:\/\/rw-editions.be\/wp-content\/uploads\/2024\/07\/Capture-decran-2024-07-25-151926-732x1024.png 732w, https:\/\/rw-editions.be\/wp-content\/uploads\/2024\/07\/Capture-decran-2024-07-25-151926-214x300.png 214w, https:\/\/rw-editions.be\/wp-content\/uploads\/2024\/07\/Capture-decran-2024-07-25-151926-768x1075.png 768w, https:\/\/rw-editions.be\/wp-content\/uploads\/2024\/07\/Capture-decran-2024-07-25-151926-1098x1536.png 1098w, https:\/\/rw-editions.be\/wp-content\/uploads\/2024\/07\/Capture-decran-2024-07-25-151926-1320x1847.png 1320w, https:\/\/rw-editions.be\/wp-content\/uploads\/2024\/07\/Capture-decran-2024-07-25-151926-300x420.png 300w, https:\/\/rw-editions.be\/wp-content\/uploads\/2024\/07\/Capture-decran-2024-07-25-151926.png 1325w\" sizes=\"auto, (max-width: 149px) 100vw, 149px\" \/> <img loading=\"lazy\" decoding=\"async\" class=\"alignnone wp-image-435\" style=\"font-size: 1rem;\" src=\"https:\/\/rw-editions.be\/wp-content\/uploads\/2024\/07\/Capture-decran-2024-07-26-104912-214x300.png\" alt=\"\" width=\"149\" height=\"209\" srcset=\"https:\/\/rw-editions.be\/wp-content\/uploads\/2024\/07\/Capture-decran-2024-07-26-104912-214x300.png 214w, https:\/\/rw-editions.be\/wp-content\/uploads\/2024\/07\/Capture-decran-2024-07-26-104912-730x1024.png 730w, https:\/\/rw-editions.be\/wp-content\/uploads\/2024\/07\/Capture-decran-2024-07-26-104912-768x1078.png 768w, https:\/\/rw-editions.be\/wp-content\/uploads\/2024\/07\/Capture-decran-2024-07-26-104912-300x421.png 300w, https:\/\/rw-editions.be\/wp-content\/uploads\/2024\/07\/Capture-decran-2024-07-26-104912.png 1085w\" sizes=\"auto, (max-width: 149px) 100vw, 149px\" \/> <img loading=\"lazy\" decoding=\"async\" class=\"alignnone wp-image-760\" style=\"font-size: 1rem;\" src=\"https:\/\/rw-editions.be\/wp-content\/uploads\/2024\/08\/Capture-decran-2024-08-16-153503-210x300.png\" alt=\"\" width=\"146\" height=\"209\" srcset=\"https:\/\/rw-editions.be\/wp-content\/uploads\/2024\/08\/Capture-decran-2024-08-16-153503-210x300.png 210w, https:\/\/rw-editions.be\/wp-content\/uploads\/2024\/08\/Capture-decran-2024-08-16-153503-715x1024.png 715w, https:\/\/rw-editions.be\/wp-content\/uploads\/2024\/08\/Capture-decran-2024-08-16-153503-768x1100.png 768w, https:\/\/rw-editions.be\/wp-content\/uploads\/2024\/08\/Capture-decran-2024-08-16-153503-1073x1536.png 1073w, https:\/\/rw-editions.be\/wp-content\/uploads\/2024\/08\/Capture-decran-2024-08-16-153503-300x430.png 300w, https:\/\/rw-editions.be\/wp-content\/uploads\/2024\/08\/Capture-decran-2024-08-16-153503.png 1200w\" sizes=\"auto, (max-width: 146px) 100vw, 146px\" \/> <img loading=\"lazy\" decoding=\"async\" class=\"alignnone wp-image-756\" style=\"font-size: 1rem;\" src=\"https:\/\/rw-editions.be\/wp-content\/uploads\/2024\/08\/Capture-decran-2024-08-16-153356-212x300.png\" alt=\"\" width=\"148\" height=\"209\" srcset=\"https:\/\/rw-editions.be\/wp-content\/uploads\/2024\/08\/Capture-decran-2024-08-16-153356-212x300.png 212w, https:\/\/rw-editions.be\/wp-content\/uploads\/2024\/08\/Capture-decran-2024-08-16-153356-723x1024.png 723w, https:\/\/rw-editions.be\/wp-content\/uploads\/2024\/08\/Capture-decran-2024-08-16-153356-768x1088.png 768w, https:\/\/rw-editions.be\/wp-content\/uploads\/2024\/08\/Capture-decran-2024-08-16-153356-300x425.png 300w, https:\/\/rw-editions.be\/wp-content\/uploads\/2024\/08\/Capture-decran-2024-08-16-153356.png 1080w\" sizes=\"auto, (max-width: 148px) 100vw, 148px\" \/><\/p>\n<p><img loading=\"lazy\" decoding=\"async\" class=\"alignnone wp-image-2121\" src=\"https:\/\/rw-editions.be\/wp-content\/uploads\/2025\/07\/couverture-lutins-farceurs-2025-scaled.png\" alt=\"\" width=\"132\" height=\"190\" srcset=\"https:\/\/rw-editions.be\/wp-content\/uploads\/2025\/07\/couverture-lutins-farceurs-2025-scaled.png 1783w, https:\/\/rw-editions.be\/wp-content\/uploads\/2025\/07\/couverture-lutins-farceurs-2025-209x300.png 209w\" sizes=\"auto, (max-width: 132px) 100vw, 132px\" \/> <img loading=\"lazy\" decoding=\"async\" class=\"alignnone wp-image-2183\" src=\"https:\/\/rw-editions.be\/wp-content\/uploads\/2025\/10\/Capture-decran-2025-09-15-113400-201x300.png\" alt=\"\" width=\"127\" height=\"190\" srcset=\"https:\/\/rw-editions.be\/wp-content\/uploads\/2025\/10\/Capture-decran-2025-09-15-113400-201x300.png 201w, https:\/\/rw-editions.be\/wp-content\/uploads\/2025\/10\/Capture-decran-2025-09-15-113400-685x1024.png 685w, https:\/\/rw-editions.be\/wp-content\/uploads\/2025\/10\/Capture-decran-2025-09-15-113400-768x1148.png 768w, https:\/\/rw-editions.be\/wp-content\/uploads\/2025\/10\/Capture-decran-2025-09-15-113400-1027x1536.png 1027w, https:\/\/rw-editions.be\/wp-content\/uploads\/2025\/10\/Capture-decran-2025-09-15-113400-300x449.png 300w, https:\/\/rw-editions.be\/wp-content\/uploads\/2025\/10\/Capture-decran-2025-09-15-113400.png 1201w\" sizes=\"auto, (max-width: 127px) 100vw, 127px\" \/> <img loading=\"lazy\" decoding=\"async\" class=\"alignnone wp-image-2185\" src=\"https:\/\/rw-editions.be\/wp-content\/uploads\/2025\/10\/Capture-decran-2025-09-15-113431-199x300.png\" alt=\"\" width=\"126\" height=\"190\" srcset=\"https:\/\/rw-editions.be\/wp-content\/uploads\/2025\/10\/Capture-decran-2025-09-15-113431-199x300.png 199w, https:\/\/rw-editions.be\/wp-content\/uploads\/2025\/10\/Capture-decran-2025-09-15-113431-681x1024.png 681w, https:\/\/rw-editions.be\/wp-content\/uploads\/2025\/10\/Capture-decran-2025-09-15-113431-768x1155.png 768w, https:\/\/rw-editions.be\/wp-content\/uploads\/2025\/10\/Capture-decran-2025-09-15-113431-1021x1536.png 1021w, https:\/\/rw-editions.be\/wp-content\/uploads\/2025\/10\/Capture-decran-2025-09-15-113431-300x451.png 300w, https:\/\/rw-editions.be\/wp-content\/uploads\/2025\/10\/Capture-decran-2025-09-15-113431.png 1194w\" sizes=\"auto, (max-width: 126px) 100vw, 126px\" \/>\u00a0<a href=\"https:\/\/rw-editions.be\/index.php\/produit\/pournoelcetteannee\/\"><img loading=\"lazy\" decoding=\"async\" class=\"alignnone wp-image-2186\" src=\"https:\/\/rw-editions.be\/wp-content\/uploads\/2025\/10\/Capture-decran-2025-09-15-113440-200x300.png\" alt=\"\" width=\"127\" height=\"190\" srcset=\"https:\/\/rw-editions.be\/wp-content\/uploads\/2025\/10\/Capture-decran-2025-09-15-113440-200x300.png 200w, https:\/\/rw-editions.be\/wp-content\/uploads\/2025\/10\/Capture-decran-2025-09-15-113440-684x1024.png 684w, https:\/\/rw-editions.be\/wp-content\/uploads\/2025\/10\/Capture-decran-2025-09-15-113440-768x1150.png 768w, https:\/\/rw-editions.be\/wp-content\/uploads\/2025\/10\/Capture-decran-2025-09-15-113440-1026x1536.png 1026w, https:\/\/rw-editions.be\/wp-content\/uploads\/2025\/10\/Capture-decran-2025-09-15-113440-300x449.png 300w, https:\/\/rw-editions.be\/wp-content\/uploads\/2025\/10\/Capture-decran-2025-09-15-113440.png 1202w\" sizes=\"auto, (max-width: 127px) 100vw, 127px\" \/>\u00a0 <\/a><a href=\"https:\/\/rw-editions.be\/index.php\/produit\/pournoelcetteannee\/\"><img loading=\"lazy\" decoding=\"async\" class=\"alignnone wp-image-2189\" src=\"https:\/\/rw-editions.be\/wp-content\/uploads\/2025\/10\/Capture-decran-2025-09-15-113528-682x1024.png\" alt=\"\" width=\"126\" height=\"190\" srcset=\"https:\/\/rw-editions.be\/wp-content\/uploads\/2025\/10\/Capture-decran-2025-09-15-113528-682x1024.png 682w, https:\/\/rw-editions.be\/wp-content\/uploads\/2025\/10\/Capture-decran-2025-09-15-113528-200x300.png 200w, https:\/\/rw-editions.be\/wp-content\/uploads\/2025\/10\/Capture-decran-2025-09-15-113528-768x1154.png 768w, https:\/\/rw-editions.be\/wp-content\/uploads\/2025\/10\/Capture-decran-2025-09-15-113528-1022x1536.png 1022w, https:\/\/rw-editions.be\/wp-content\/uploads\/2025\/10\/Capture-decran-2025-09-15-113528-300x451.png 300w, https:\/\/rw-editions.be\/wp-content\/uploads\/2025\/10\/Capture-decran-2025-09-15-113528.png 1194w\" sizes=\"auto, (max-width: 126px) 100vw, 126px\" \/> <\/a><a href=\"https:\/\/rw-editions.be\/index.php\/produit\/pournoelcetteannee\/\"><img loading=\"lazy\" decoding=\"async\" class=\"alignnone wp-image-2188\" src=\"https:\/\/rw-editions.be\/wp-content\/uploads\/2025\/10\/Capture-decran-2025-09-15-113508-677x1024.png\" alt=\"\" width=\"126\" height=\"190\" srcset=\"https:\/\/rw-editions.be\/wp-content\/uploads\/2025\/10\/Capture-decran-2025-09-15-113508-677x1024.png 677w, https:\/\/rw-editions.be\/wp-content\/uploads\/2025\/10\/Capture-decran-2025-09-15-113508-198x300.png 198w, https:\/\/rw-editions.be\/wp-content\/uploads\/2025\/10\/Capture-decran-2025-09-15-113508-768x1162.png 768w, https:\/\/rw-editions.be\/wp-content\/uploads\/2025\/10\/Capture-decran-2025-09-15-113508-1015x1536.png 1015w, https:\/\/rw-editions.be\/wp-content\/uploads\/2025\/10\/Capture-decran-2025-09-15-113508-300x454.png 300w, https:\/\/rw-editions.be\/wp-content\/uploads\/2025\/10\/Capture-decran-2025-09-15-113508.png 1188w\" sizes=\"auto, (max-width: 126px) 100vw, 126px\" \/> <\/a><a href=\"https:\/\/rw-editions.be\/index.php\/produit\/pournoelcetteannee\/\"><img loading=\"lazy\" decoding=\"async\" class=\"alignnone wp-image-2190\" src=\"https:\/\/rw-editions.be\/wp-content\/uploads\/2025\/10\/Capture-decran-2025-09-15-113540-200x300.png\" alt=\"\" width=\"127\" height=\"190\" srcset=\"https:\/\/rw-editions.be\/wp-content\/uploads\/2025\/10\/Capture-decran-2025-09-15-113540-200x300.png 200w, https:\/\/rw-editions.be\/wp-content\/uploads\/2025\/10\/Capture-decran-2025-09-15-113540-684x1024.png 684w, https:\/\/rw-editions.be\/wp-content\/uploads\/2025\/10\/Capture-decran-2025-09-15-113540-768x1150.png 768w, https:\/\/rw-editions.be\/wp-content\/uploads\/2025\/10\/Capture-decran-2025-09-15-113540-1025x1536.png 1025w, https:\/\/rw-editions.be\/wp-content\/uploads\/2025\/10\/Capture-decran-2025-09-15-113540-300x449.png 300w, https:\/\/rw-editions.be\/wp-content\/uploads\/2025\/10\/Capture-decran-2025-09-15-113540.png 1199w\" sizes=\"auto, (max-width: 127px) 100vw, 127px\" \/> <\/a><img loading=\"lazy\" decoding=\"async\" class=\"alignnone wp-image-2187\" src=\"https:\/\/rw-editions.be\/wp-content\/uploads\/2025\/10\/Capture-decran-2025-09-15-113457.png\" alt=\"\" width=\"126\" height=\"190\" srcset=\"https:\/\/rw-editions.be\/wp-content\/uploads\/2025\/10\/Capture-decran-2025-09-15-113457.png 1190w, https:\/\/rw-editions.be\/wp-content\/uploads\/2025\/10\/Capture-decran-2025-09-15-113457-198x300.png 198w\" sizes=\"auto, (max-width: 126px) 100vw, 126px\" \/><\/p>\n<p>&nbsp;<\/p>\n","protected":false},"excerpt":{"rendered":"<p>&nbsp; Le Lutin Farceur de No\u00ebl est devenu une tradition charmante qui \u00e9gaye aussi bien les enfants que les parents. Ces derni\u00e8res ann\u00e9es, cette petite figure malicieuse a su se faire une place dans les foyers du monde entier. Vous vous interrogez\u00a0 peut-\u00eatre sur le fonctionnement de cette coutume ? Tout commence par une demande [&hellip;]<\/p>\n","protected":false},"author":3,"featured_media":0,"parent":0,"menu_order":0,"comment_status":"closed","ping_status":"closed","template":"","meta":{"footnotes":""},"class_list":["post-358","page","type-page","status-publish","hentry"],"jetpack_sharing_enabled":true,"_links":{"self":[{"href":"https:\/\/rw-editions.be\/index.php\/wp-json\/wp\/v2\/pages\/358","targetHints":{"allow":["GET"]}}],"collection":[{"href":"https:\/\/rw-editions.be\/index.php\/wp-json\/wp\/v2\/pages"}],"about":[{"href":"https:\/\/rw-editions.be\/index.php\/wp-json\/wp\/v2\/types\/page"}],"author":[{"embeddable":true,"href":"https:\/\/rw-editions.be\/index.php\/wp-json\/wp\/v2\/users\/3"}],"replies":[{"embeddable":true,"href":"https:\/\/rw-editions.be\/index.php\/wp-json\/wp\/v2\/comments?post=358"}],"version-history":[{"count":39,"href":"https:\/\/rw-editions.be\/index.php\/wp-json\/wp\/v2\/pages\/358\/revisions"}],"predecessor-version":[{"id":2911,"href":"https:\/\/rw-editions.be\/index.php\/wp-json\/wp\/v2\/pages\/358\/revisions\/2911"}],"wp:attachment":[{"href":"https:\/\/rw-editions.be\/index.php\/wp-json\/wp\/v2\/media?parent=358"}],"curies":[{"name":"wp","href":"https:\/\/api.w.org\/{rel}","templated":true}]}}