{"id":2944,"date":"2026-04-22T13:11:04","date_gmt":"2026-04-22T11:11:04","guid":{"rendered":"https:\/\/rw-editions.be\/?page_id=2944"},"modified":"2026-04-22T13:11:04","modified_gmt":"2026-04-22T11:11:04","slug":"les-voeux","status":"publish","type":"page","link":"https:\/\/rw-editions.be\/index.php\/les-voeux\/","title":{"rendered":"Les voeux"},"content":{"rendered":"<p>On dit souvent que les v\u0153ux, c\u2019est une formalit\u00e9. Un message qu\u2019on envoie parce qu\u2019il \u00ab\u202ffaut\u202f\u00bb. Une ligne tap\u00e9e trop vite, un emoji ajout\u00e9 pour faire joli, un copier\u2011coller envoy\u00e9 \u00e0 vingt personnes d\u2019un seul geste. Et pourtant\u2026 est\u2011ce vraiment cela, souhaiter quelque chose \u00e0 quelqu\u2019un\u202f?<\/p>\n<p>Il y a une diff\u00e9rence immense entre <em>envoyer un message<\/em> et <em>prendre le temps d\u2019\u00e9crire<\/em>.<br \/>\nEntre un \u00e9cran qui clignote et une feuille qu\u2019on touche.<br \/>\nEntre un clic et un geste.<\/p>\n<p>Les v\u0153ux envoy\u00e9s par courrier, ce n\u2019est pas de la nostalgie. C\u2019est une mani\u00e8re de dire\u202f: <em>tu comptes assez pour que je m\u2019arr\u00eate un instant<\/em>. Pour que je choisisse un papier, une carte, une enveloppe. Pour que je prenne un stylo \u2014 un vrai \u2014 et que je laisse une trace de ma main, de mon temps, de mon intention.<\/p>\n<p>Une carte, \u00e7a voyage. \u00c7a traverse des rues, des villes, parfois des pays. \u00c7a porte une \u00e9criture unique, une petite imperfection, un mot ratur\u00e9, un sourire gliss\u00e9 entre deux lignes. \u00c7a s\u2019ouvre avec les doigts, pas avec une notification. \u00c7a se garde dans un tiroir, dans un livre, dans une bo\u00eete qu\u2019on ouvre des ann\u00e9es plus tard.<br \/>\nUn SMS, lui, dispara\u00eet dans le flux. Un mail se perd dans une bo\u00eete de r\u00e9ception satur\u00e9e. Un message sur un r\u00e9seau social se noie entre deux publicit\u00e9s.<\/p>\n<p>Le courrier postal, c\u2019est l\u2019antidote \u00e0 l\u2019instantan\u00e9.<br \/>\nC\u2019est la preuve qu\u2019on peut encore offrir quelque chose qui ne s\u2019efface pas.<\/p>\n<p>Envoyer ses v\u0153ux par la poste, c\u2019est transmettre plus qu\u2019un message\u202f: c\u2019est transmettre une pr\u00e9sence. C\u2019est dire\u202f: <em>je suis l\u00e0, vraiment<\/em>. C\u2019est offrir un fragment de soi, un geste qui a demand\u00e9 un peu de temps, un peu d\u2019attention, un peu de c\u0153ur.<\/p>\n<p>Et dans un monde o\u00f9 tout va trop vite, o\u00f9 tout se consomme et s\u2019oublie, ce petit geste-l\u00e0 devient presque un acte de r\u00e9sistance. Une mani\u00e8re de rappeler que les liens humains ne se r\u00e9duisent pas \u00e0 des pixels. Qu\u2019ils m\u00e9ritent mieux qu\u2019un \u00ab\u202fBonne ann\u00e9e\u202f\u00bb exp\u00e9di\u00e9 entre deux stations de m\u00e9tro.<\/p>\n<p>Alors oui, les v\u0153ux par courrier prennent plus de temps.<br \/>\nMais c\u2019est pr\u00e9cis\u00e9ment pour cela qu\u2019ils comptent.<\/p>\n<p>Parce que ce qui demande du temps\u2026 a de la valeur.<\/p>\n","protected":false},"excerpt":{"rendered":"<p>On dit souvent que les v\u0153ux, c\u2019est une formalit\u00e9. Un message qu\u2019on envoie parce qu\u2019il \u00ab\u202ffaut\u202f\u00bb. Une ligne tap\u00e9e trop vite, un emoji ajout\u00e9 pour faire joli, un copier\u2011coller envoy\u00e9 \u00e0 vingt personnes d\u2019un seul geste. Et pourtant\u2026 est\u2011ce vraiment cela, souhaiter quelque chose \u00e0 quelqu\u2019un\u202f? Il y a une diff\u00e9rence immense entre envoyer un [&hellip;]<\/p>\n","protected":false},"author":3,"featured_media":0,"parent":0,"menu_order":0,"comment_status":"closed","ping_status":"closed","template":"","meta":{"footnotes":""},"class_list":["post-2944","page","type-page","status-publish","hentry"],"jetpack_sharing_enabled":true,"_links":{"self":[{"href":"https:\/\/rw-editions.be\/index.php\/wp-json\/wp\/v2\/pages\/2944","targetHints":{"allow":["GET"]}}],"collection":[{"href":"https:\/\/rw-editions.be\/index.php\/wp-json\/wp\/v2\/pages"}],"about":[{"href":"https:\/\/rw-editions.be\/index.php\/wp-json\/wp\/v2\/types\/page"}],"author":[{"embeddable":true,"href":"https:\/\/rw-editions.be\/index.php\/wp-json\/wp\/v2\/users\/3"}],"replies":[{"embeddable":true,"href":"https:\/\/rw-editions.be\/index.php\/wp-json\/wp\/v2\/comments?post=2944"}],"version-history":[{"count":1,"href":"https:\/\/rw-editions.be\/index.php\/wp-json\/wp\/v2\/pages\/2944\/revisions"}],"predecessor-version":[{"id":2945,"href":"https:\/\/rw-editions.be\/index.php\/wp-json\/wp\/v2\/pages\/2944\/revisions\/2945"}],"wp:attachment":[{"href":"https:\/\/rw-editions.be\/index.php\/wp-json\/wp\/v2\/media?parent=2944"}],"curies":[{"name":"wp","href":"https:\/\/api.w.org\/{rel}","templated":true}]}}