{"id":1730,"date":"2025-01-11T14:05:48","date_gmt":"2025-01-11T13:05:48","guid":{"rendered":"https:\/\/rw-editions.be\/?page_id=1730"},"modified":"2025-10-03T09:31:13","modified_gmt":"2025-10-03T07:31:13","slug":"pournoelcetteannee","status":"publish","type":"page","link":"https:\/\/rw-editions.be\/index.php\/pournoelcetteannee\/","title":{"rendered":"POUR NO\u00cbL CETTE ANNEE"},"content":{"rendered":"<p><img loading=\"lazy\" decoding=\"async\" class=\"alignleft wp-image-1779\" src=\"https:\/\/rw-editions.be\/wp-content\/uploads\/2025\/02\/couverture-Pour-Noel-cette-annee-743x1024.png\" alt=\"\" width=\"290\" height=\"400\" srcset=\"https:\/\/rw-editions.be\/wp-content\/uploads\/2025\/02\/couverture-Pour-Noel-cette-annee-743x1024.png 743w, https:\/\/rw-editions.be\/wp-content\/uploads\/2025\/02\/couverture-Pour-Noel-cette-annee-218x300.png 218w, https:\/\/rw-editions.be\/wp-content\/uploads\/2025\/02\/couverture-Pour-Noel-cette-annee-768x1059.png 768w, https:\/\/rw-editions.be\/wp-content\/uploads\/2025\/02\/couverture-Pour-Noel-cette-annee-1114x1536.png 1114w, https:\/\/rw-editions.be\/wp-content\/uploads\/2025\/02\/couverture-Pour-Noel-cette-annee-1486x2048.png 1486w, https:\/\/rw-editions.be\/wp-content\/uploads\/2025\/02\/couverture-Pour-Noel-cette-annee-1320x1820.png 1320w, https:\/\/rw-editions.be\/wp-content\/uploads\/2025\/02\/couverture-Pour-Noel-cette-annee-300x414.png 300w, https:\/\/rw-editions.be\/wp-content\/uploads\/2025\/02\/couverture-Pour-Noel-cette-annee.png 1902w\" sizes=\"auto, (max-width: 290px) 100vw, 290px\" \/><p class=\"product woocommerce add_to_cart_inline \" style=\"margin-left: 20px; font-size: 25px;padding-right: 20px;\"><span class=\"woocommerce-Price-amount amount\"><bdi><span class=\"woocommerce-Price-currencySymbol\">&euro;<\/span>&nbsp;24,00<\/bdi><\/span><a href=\"\/index.php\/wp-json\/wp\/v2\/pages\/1730?add-to-cart=1750\" aria-describedby=\"woocommerce_loop_add_to_cart_link_describedby_1750\" data-quantity=\"1\" class=\"button product_type_simple add_to_cart_button ajax_add_to_cart\" data-product_id=\"1750\" data-product_sku=\"\" aria-label=\"Ajouter au panier\u00a0: &ldquo;Pour No\u00ebl cette ann\u00e9e&rdquo;\" rel=\"nofollow\" data-success_message=\"\u00ab\u00a0Pour No\u00ebl cette ann\u00e9e\u00a0\u00bb a \u00e9t\u00e9 ajout\u00e9 \u00e0 votre panier\">Ajouter au panier<\/a>\t<span id=\"woocommerce_loop_add_to_cart_link_describedby_1750\" class=\"screen-reader-text\">\n\t\t\t<\/span>\n<\/p><\/p>\n<p><em data-start=\"146\" data-end=\"169\">\u00a0\u00bb Pour No\u00ebl cette ann\u00e9e \u00ab\u00a0<\/em>\u00a0est un voyage litt\u00e9raire et illustr\u00e9 au c\u0153ur de l\u2019hiver, l\u00e0 o\u00f9 la chaleur ne vient pas des chemin\u00e9es mais des \u00e9lans du c\u0153ur. \u00c0 travers une mosa\u00efque de r\u00e9cits entrelac\u00e9s, ce livre redonne \u00e0 No\u00ebl sa v\u00e9ritable lumi\u00e8re : celle du partage, de la bienveillance et de l&rsquo;esp\u00e9rance. On y croise des enfants qui r\u00eavent avec peu, des familles unies par l&rsquo;amour malgr\u00e9 la pr\u00e9carit\u00e9, et des \u00e2mes solitaires en qu\u00eate de r\u00e9conciliation. Chaque page murmure une v\u00e9rit\u00e9 simple : la magie de No\u00ebl ne r\u00e9side pas dans les guirlandes, mais dans les gestes sinc\u00e8res, les regards tendres, et le courage d\u2019aimer. Un livre profond\u00e9ment humain, \u00e0 lire comme on allume une bougie dans la nuit.<\/p>\n<p><strong>Reliure :<\/strong> dos carr\u00e9 coll\u00e9<br \/>\n<strong>Couverture :<\/strong> Couleur \u2013 Soft Touch<br \/>\n<strong>Format :<\/strong> A5 portrait<br \/>\n<strong>Pages :<\/strong> 294<\/p>\n<p><em style=\"font-size: 1rem;\"><img loading=\"lazy\" decoding=\"async\" class=\"wp-image-1934 alignleft\" src=\"https:\/\/rw-editions.be\/wp-content\/uploads\/2025\/01\/couverture-13-300x205.png\" alt=\"\" width=\"439\" height=\"300\" srcset=\"https:\/\/rw-editions.be\/wp-content\/uploads\/2025\/01\/couverture-13-300x205.png 300w, https:\/\/rw-editions.be\/wp-content\/uploads\/2025\/01\/couverture-13-1024x700.png 1024w, https:\/\/rw-editions.be\/wp-content\/uploads\/2025\/01\/couverture-13-768x525.png 768w, https:\/\/rw-editions.be\/wp-content\/uploads\/2025\/01\/couverture-13-1536x1049.png 1536w, https:\/\/rw-editions.be\/wp-content\/uploads\/2025\/01\/couverture-13-2048x1399.png 2048w, https:\/\/rw-editions.be\/wp-content\/uploads\/2025\/01\/couverture-13-1320x902.png 1320w\" sizes=\"auto, (max-width: 439px) 100vw, 439px\" \/><\/em><\/p>\n<p><img loading=\"lazy\" decoding=\"async\" class=\"alignnone wp-image-1896\" src=\"https:\/\/rw-editions.be\/wp-content\/uploads\/2025\/04\/page-titre-Pour-Noel-cette-annee-1024x731.png\" alt=\"\" width=\"400\" height=\"286\" srcset=\"https:\/\/rw-editions.be\/wp-content\/uploads\/2025\/04\/page-titre-Pour-Noel-cette-annee-1024x731.png 1024w, https:\/\/rw-editions.be\/wp-content\/uploads\/2025\/04\/page-titre-Pour-Noel-cette-annee-300x214.png 300w, https:\/\/rw-editions.be\/wp-content\/uploads\/2025\/04\/page-titre-Pour-Noel-cette-annee-768x548.png 768w, https:\/\/rw-editions.be\/wp-content\/uploads\/2025\/04\/page-titre-Pour-Noel-cette-annee-1536x1096.png 1536w, https:\/\/rw-editions.be\/wp-content\/uploads\/2025\/04\/page-titre-Pour-Noel-cette-annee-1320x942.png 1320w, https:\/\/rw-editions.be\/wp-content\/uploads\/2025\/04\/page-titre-Pour-Noel-cette-annee.png 1698w\" sizes=\"auto, (max-width: 400px) 100vw, 400px\" \/> <img loading=\"lazy\" decoding=\"async\" class=\"alignnone wp-image-1895\" src=\"https:\/\/rw-editions.be\/wp-content\/uploads\/2025\/04\/page-interieur-Pour-Noel-cette-annee-1024x730.png\" alt=\"\" width=\"400\" height=\"285\" srcset=\"https:\/\/rw-editions.be\/wp-content\/uploads\/2025\/04\/page-interieur-Pour-Noel-cette-annee-1024x730.png 1024w, https:\/\/rw-editions.be\/wp-content\/uploads\/2025\/04\/page-interieur-Pour-Noel-cette-annee-300x214.png 300w, https:\/\/rw-editions.be\/wp-content\/uploads\/2025\/04\/page-interieur-Pour-Noel-cette-annee-768x548.png 768w, https:\/\/rw-editions.be\/wp-content\/uploads\/2025\/04\/page-interieur-Pour-Noel-cette-annee-1536x1095.png 1536w, https:\/\/rw-editions.be\/wp-content\/uploads\/2025\/04\/page-interieur-Pour-Noel-cette-annee-2048x1460.png 2048w, https:\/\/rw-editions.be\/wp-content\/uploads\/2025\/04\/page-interieur-Pour-Noel-cette-annee-1320x941.png 1320w\" sizes=\"auto, (max-width: 400px) 100vw, 400px\" \/><\/p>\n<p>&nbsp;<\/p>\n<p>&nbsp;<\/p>\n","protected":false},"excerpt":{"rendered":"<p>\u00a0\u00bb Pour No\u00ebl cette ann\u00e9e \u00ab\u00a0\u00a0est un voyage litt\u00e9raire et illustr\u00e9 au c\u0153ur de l\u2019hiver, l\u00e0 o\u00f9 la chaleur ne vient pas des chemin\u00e9es mais des \u00e9lans du c\u0153ur. \u00c0 travers une mosa\u00efque de r\u00e9cits entrelac\u00e9s, ce livre redonne \u00e0 No\u00ebl sa v\u00e9ritable lumi\u00e8re : celle du partage, de la bienveillance et de l&rsquo;esp\u00e9rance. On [&hellip;]<\/p>\n","protected":false},"author":3,"featured_media":0,"parent":0,"menu_order":0,"comment_status":"closed","ping_status":"closed","template":"","meta":{"footnotes":""},"class_list":["post-1730","page","type-page","status-publish","hentry"],"jetpack_sharing_enabled":true,"_links":{"self":[{"href":"https:\/\/rw-editions.be\/index.php\/wp-json\/wp\/v2\/pages\/1730","targetHints":{"allow":["GET"]}}],"collection":[{"href":"https:\/\/rw-editions.be\/index.php\/wp-json\/wp\/v2\/pages"}],"about":[{"href":"https:\/\/rw-editions.be\/index.php\/wp-json\/wp\/v2\/types\/page"}],"author":[{"embeddable":true,"href":"https:\/\/rw-editions.be\/index.php\/wp-json\/wp\/v2\/users\/3"}],"replies":[{"embeddable":true,"href":"https:\/\/rw-editions.be\/index.php\/wp-json\/wp\/v2\/comments?post=1730"}],"version-history":[{"count":62,"href":"https:\/\/rw-editions.be\/index.php\/wp-json\/wp\/v2\/pages\/1730\/revisions"}],"predecessor-version":[{"id":2201,"href":"https:\/\/rw-editions.be\/index.php\/wp-json\/wp\/v2\/pages\/1730\/revisions\/2201"}],"wp:attachment":[{"href":"https:\/\/rw-editions.be\/index.php\/wp-json\/wp\/v2\/media?parent=1730"}],"curies":[{"name":"wp","href":"https:\/\/api.w.org\/{rel}","templated":true}]}}