{"id":139,"date":"2024-06-16T20:19:44","date_gmt":"2024-06-16T18:19:44","guid":{"rendered":"https:\/\/rw-editions.be\/?page_id=139"},"modified":"2025-10-03T09:30:46","modified_gmt":"2025-10-03T07:30:46","slug":"noel-les-origines","status":"publish","type":"page","link":"https:\/\/rw-editions.be\/index.php\/noel-les-origines\/","title":{"rendered":"NO\u00cbL LES ORIGINES"},"content":{"rendered":"\r\n<figure class=\"wp-block-image size-large\"><\/figure>\r\n<p><img loading=\"lazy\" decoding=\"async\" class=\"alignleft wp-image-413\" src=\"https:\/\/rw-editions.be\/wp-content\/uploads\/2024\/07\/COUVERTURE-709x1024.png\" alt=\"\" width=\"300\" height=\"433\" srcset=\"https:\/\/rw-editions.be\/wp-content\/uploads\/2024\/07\/COUVERTURE-709x1024.png 709w, https:\/\/rw-editions.be\/wp-content\/uploads\/2024\/07\/COUVERTURE-208x300.png 208w, https:\/\/rw-editions.be\/wp-content\/uploads\/2024\/07\/COUVERTURE-768x1110.png 768w, https:\/\/rw-editions.be\/wp-content\/uploads\/2024\/07\/COUVERTURE-1063x1536.png 1063w, https:\/\/rw-editions.be\/wp-content\/uploads\/2024\/07\/COUVERTURE-300x433.png 300w, https:\/\/rw-editions.be\/wp-content\/uploads\/2024\/07\/COUVERTURE.png 1068w\" sizes=\"auto, (max-width: 300px) 100vw, 300px\" \/><p class=\"product woocommerce add_to_cart_inline \" style=\"margin-left: 20px; font-size: 25px;padding-right: 20px;\"><span class=\"woocommerce-Price-amount amount\"><bdi><span class=\"woocommerce-Price-currencySymbol\">&euro;<\/span>&nbsp;39,00<\/bdi><\/span><a href=\"\/index.php\/wp-json\/wp\/v2\/pages\/139?add-to-cart=58\" aria-describedby=\"woocommerce_loop_add_to_cart_link_describedby_58\" data-quantity=\"1\" class=\"button product_type_simple add_to_cart_button ajax_add_to_cart\" data-product_id=\"58\" data-product_sku=\"\" aria-label=\"Ajouter au panier\u00a0: &ldquo;Noel les Origines&rdquo;\" rel=\"nofollow\" data-success_message=\"\u00ab\u00a0Noel les Origines\u00a0\u00bb a \u00e9t\u00e9 ajout\u00e9 \u00e0 votre panier\">Ajouter au panier<\/a>\t<span id=\"woocommerce_loop_add_to_cart_link_describedby_58\" class=\"screen-reader-text\">\n\t\t\t<\/span>\n<\/p><\/p>\r\n<p style=\"text-align: left;\"><strong>Un album d&rsquo;exception pour les familles<\/strong><\/p>\r\n<p>\r\n\r\n<\/p>\r\n<p class=\"has-text-align-justify\" style=\"text-align: left;\">Ce livre de 244 pages au format A4, richement illustr\u00e9, est imprim\u00e9 sur un papier de 150g pour les amateurs de qualit\u00e9. Chaque page est une explosion de couleurs, et les pages de garde vous r\u00e9servent une petite surprise. La couverture rigide, cartonn\u00e9e, offre un toucher doux et mat (soft touch), procurant une sensation agr\u00e9able et un aspect vintage.\u00a0Il comblera vos soir\u00e9es pendant la p\u00e9riode de l&rsquo;Avent, jusqu&rsquo;au r\u00e9veillon de No\u00ebl, et plus encore.\u00a0<\/p>\r\n<p>\r\n\r\n\r\n\r\n<\/p>\r\n<p class=\"has-text-align-justify\" style=\"text-align: left;\">Savez-vous expliquer \u00e0 vos enfants comment Saint-Nicolas est devenu le personnage tant aim\u00e9 des enfants ? Connaissez vous l\u2019histoire du P\u00e8re Fouettard, de Krampus le d\u00e9mon, de l\u2019\u00e2ne de Saint-Nicolas, de la rencontre entre Marie et Joseph, celle entre les Rois Mages et Artaban ? Non ? Connaissez vous l&rsquo;origine des lutins du P\u00e8re No\u00ebl ? Ce recueil vous fournira des histoires pour comprendre comment tout cela s\u2019est mis en place, et vous aidera \u00e0 transmettre la magie de No\u00ebl \u00e0 vos enfants et \u00e0 vos petits-enfants.<\/p>\r\n<p>\r\n\r\n\r\n\r\n<\/p>\r\n<p class=\"has-text-align-justify\" style=\"text-align: left;\">Cr\u00e9\u00e9 en 2024, ce livre refl\u00e8te mon \u00e2me d&rsquo;enfant, \u00e9merveill\u00e9 par la beaut\u00e9 des d\u00e9corations de No\u00ebl et sensible aux belles histoires racont\u00e9es par mes parents lorsque j&rsquo;\u00e9tais un enfant. Je suis heureux et ravi de partager avec vous ce premier recueil d&rsquo;histoires, v\u00e9ritable fen\u00eatre sur la magie et sur l&rsquo;esprit de No\u00ebl. Je vous raconte, dans une petite trentaine d&rsquo;histoires, 29 exactement, comment les personnages que nous connaissons sont devenus des ic\u00f4nes de No\u00ebl et comment les symboles de no\u00ebl sont entr\u00e9s dans nos traditions.<\/p>\r\n<p>\r\n\r\n<\/p>\r\n<p class=\"has-text-align-justify\" style=\"text-align: left;\">De l&rsquo;\u00e2ne de Saint-Nicolas aux lutins du P\u00e8re No\u00ebl, de P\u00e8re Fouettard \u00e0 la traditionnelle galette des Rois, et de Krampus \u00e0 l&rsquo;\u00c9piphanie, je vous invite \u00e0 d\u00e9couvrir leurs histoires fascinantes, ainsi que leur place unique dans nos traditions enchanteresses.<\/p>\r\n<p><img loading=\"lazy\" decoding=\"async\" class=\"alignnone size-medium wp-image-1439\" src=\"https:\/\/rw-editions.be\/wp-content\/uploads\/2024\/06\/Capture-decran-2024-10-31-193726-300x212.png\" alt=\"\" width=\"300\" height=\"212\" srcset=\"https:\/\/rw-editions.be\/wp-content\/uploads\/2024\/06\/Capture-decran-2024-10-31-193726-300x212.png 300w, https:\/\/rw-editions.be\/wp-content\/uploads\/2024\/06\/Capture-decran-2024-10-31-193726-1024x723.png 1024w, https:\/\/rw-editions.be\/wp-content\/uploads\/2024\/06\/Capture-decran-2024-10-31-193726-768x542.png 768w, https:\/\/rw-editions.be\/wp-content\/uploads\/2024\/06\/Capture-decran-2024-10-31-193726-1536x1084.png 1536w, https:\/\/rw-editions.be\/wp-content\/uploads\/2024\/06\/Capture-decran-2024-10-31-193726-1320x932.png 1320w, https:\/\/rw-editions.be\/wp-content\/uploads\/2024\/06\/Capture-decran-2024-10-31-193726.png 1852w\" sizes=\"auto, (max-width: 300px) 100vw, 300px\" \/><img loading=\"lazy\" decoding=\"async\" class=\"alignnone size-medium wp-image-1440\" src=\"https:\/\/rw-editions.be\/wp-content\/uploads\/2024\/06\/Capture-decran-2024-10-31-193737-300x212.png\" alt=\"\" width=\"300\" height=\"212\" srcset=\"https:\/\/rw-editions.be\/wp-content\/uploads\/2024\/06\/Capture-decran-2024-10-31-193737-300x212.png 300w, https:\/\/rw-editions.be\/wp-content\/uploads\/2024\/06\/Capture-decran-2024-10-31-193737-1024x723.png 1024w, https:\/\/rw-editions.be\/wp-content\/uploads\/2024\/06\/Capture-decran-2024-10-31-193737-768x542.png 768w, https:\/\/rw-editions.be\/wp-content\/uploads\/2024\/06\/Capture-decran-2024-10-31-193737-1536x1084.png 1536w, https:\/\/rw-editions.be\/wp-content\/uploads\/2024\/06\/Capture-decran-2024-10-31-193737-1320x932.png 1320w, https:\/\/rw-editions.be\/wp-content\/uploads\/2024\/06\/Capture-decran-2024-10-31-193737.png 1857w\" sizes=\"auto, (max-width: 300px) 100vw, 300px\" \/><img loading=\"lazy\" decoding=\"async\" class=\"alignnone size-medium wp-image-1443\" src=\"https:\/\/rw-editions.be\/wp-content\/uploads\/2024\/06\/Capture-decran-2024-11-01-105728-300x211.png\" alt=\"\" width=\"300\" height=\"211\" srcset=\"https:\/\/rw-editions.be\/wp-content\/uploads\/2024\/06\/Capture-decran-2024-11-01-105728-300x211.png 300w, https:\/\/rw-editions.be\/wp-content\/uploads\/2024\/06\/Capture-decran-2024-11-01-105728-1024x721.png 1024w, https:\/\/rw-editions.be\/wp-content\/uploads\/2024\/06\/Capture-decran-2024-11-01-105728-768x541.png 768w, https:\/\/rw-editions.be\/wp-content\/uploads\/2024\/06\/Capture-decran-2024-11-01-105728-1536x1081.png 1536w, https:\/\/rw-editions.be\/wp-content\/uploads\/2024\/06\/Capture-decran-2024-11-01-105728-2048x1442.png 2048w, https:\/\/rw-editions.be\/wp-content\/uploads\/2024\/06\/Capture-decran-2024-11-01-105728-1320x929.png 1320w\" sizes=\"auto, (max-width: 300px) 100vw, 300px\" \/><img loading=\"lazy\" decoding=\"async\" class=\"alignnone size-medium wp-image-1444\" src=\"https:\/\/rw-editions.be\/wp-content\/uploads\/2024\/06\/Capture-decran-2024-11-01-105814-300x212.png\" alt=\"\" width=\"300\" height=\"212\" srcset=\"https:\/\/rw-editions.be\/wp-content\/uploads\/2024\/06\/Capture-decran-2024-11-01-105814-300x212.png 300w, https:\/\/rw-editions.be\/wp-content\/uploads\/2024\/06\/Capture-decran-2024-11-01-105814-1024x722.png 1024w, https:\/\/rw-editions.be\/wp-content\/uploads\/2024\/06\/Capture-decran-2024-11-01-105814-768x542.png 768w, https:\/\/rw-editions.be\/wp-content\/uploads\/2024\/06\/Capture-decran-2024-11-01-105814-1536x1083.png 1536w, https:\/\/rw-editions.be\/wp-content\/uploads\/2024\/06\/Capture-decran-2024-11-01-105814-2048x1445.png 2048w, https:\/\/rw-editions.be\/wp-content\/uploads\/2024\/06\/Capture-decran-2024-11-01-105814-1320x931.png 1320w\" sizes=\"auto, (max-width: 300px) 100vw, 300px\" \/> \u00a0<\/p>\r\n\r\n\r\n\r\n\r\n\r\n<p>&nbsp;<\/p>\r\n","protected":false},"excerpt":{"rendered":"<p>Ce livre de 244 pages au format A4, richement illustr\u00e9, est imprim\u00e9 sur un papier de 150g pour les amateurs de qualit\u00e9. Chaque page est une explosion de couleurs, et les pages de garde vous r\u00e9servent une petite surprise. La couverture rigide, cartonn\u00e9e, offre un toucher doux et mat (soft touch), procurant une sensation agr\u00e9able [&hellip;]<\/p>\n","protected":false},"author":3,"featured_media":0,"parent":0,"menu_order":0,"comment_status":"closed","ping_status":"closed","template":"","meta":{"footnotes":""},"class_list":["post-139","page","type-page","status-publish","hentry"],"jetpack_sharing_enabled":true,"_links":{"self":[{"href":"https:\/\/rw-editions.be\/index.php\/wp-json\/wp\/v2\/pages\/139","targetHints":{"allow":["GET"]}}],"collection":[{"href":"https:\/\/rw-editions.be\/index.php\/wp-json\/wp\/v2\/pages"}],"about":[{"href":"https:\/\/rw-editions.be\/index.php\/wp-json\/wp\/v2\/types\/page"}],"author":[{"embeddable":true,"href":"https:\/\/rw-editions.be\/index.php\/wp-json\/wp\/v2\/users\/3"}],"replies":[{"embeddable":true,"href":"https:\/\/rw-editions.be\/index.php\/wp-json\/wp\/v2\/comments?post=139"}],"version-history":[{"count":17,"href":"https:\/\/rw-editions.be\/index.php\/wp-json\/wp\/v2\/pages\/139\/revisions"}],"predecessor-version":[{"id":2200,"href":"https:\/\/rw-editions.be\/index.php\/wp-json\/wp\/v2\/pages\/139\/revisions\/2200"}],"wp:attachment":[{"href":"https:\/\/rw-editions.be\/index.php\/wp-json\/wp\/v2\/media?parent=139"}],"curies":[{"name":"wp","href":"https:\/\/api.w.org\/{rel}","templated":true}]}}